{"id":270809,"date":"2024-04-30T13:46:49","date_gmt":"2024-04-30T13:46:49","guid":{"rendered":"https:\/\/doffice-consultancy.com\/?page_id=270809"},"modified":"2024-05-27T07:00:32","modified_gmt":"2024-05-27T07:00:32","slug":"nos-services","status":"publish","type":"page","link":"https:\/\/doffice-consultancy.com\/fr\/nos-services\/","title":{"rendered":"NOS SERVICES"},"content":{"rendered":"<p>[et_pb_section fb_built=\u00a0\u00bb1&Prime; _builder_version=\u00a0\u00bb4.25.0&Prime; _module_preset=\u00a0\u00bbdefault\u00a0\u00bb use_background_color_gradient=\u00a0\u00bbon\u00a0\u00bb background_color_gradient_stops=\u00a0\u00bbrgba(0,0,0,0.76) 0%|rgba(0,0,0,0) 100%\u00a0\u00bb background_color_gradient_overlays_image=\u00a0\u00bbon\u00a0\u00bb background_image=\u00a0\u00bbhttps:\/\/doffice-consultancy.com\/wp-content\/uploads\/2024\/05\/060663225063-web-tete-e1715075998833.jpg\u00a0\u00bb custom_padding=\u00a0\u00bb165px||165px||true|false\u00a0\u00bb global_colors_info=\u00a0\u00bb{}\u00a0\u00bb][et_pb_row _builder_version=\u00a0\u00bb4.25.0&Prime; _module_preset=\u00a0\u00bbdefault\u00a0\u00bb global_colors_info=\u00a0\u00bb{}\u00a0\u00bb][et_pb_column type=\u00a0\u00bb4_4&Prime; _builder_version=\u00a0\u00bb4.25.0&Prime; _module_preset=\u00a0\u00bbdefault\u00a0\u00bb global_colors_info=\u00a0\u00bb{}\u00a0\u00bb][et_pb_text _builder_version=\u00a0\u00bb4.25.0&Prime; _module_preset=\u00a0\u00bbdefault\u00a0\u00bb header_font=\u00a0\u00bbABeeZee|700|||||||\u00a0\u00bb header_text_color=\u00a0\u00bb#FFFFFF\u00a0\u00bb header_font_size=\u00a0\u00bb61px\u00a0\u00bb hover_enabled=\u00a0\u00bb0&Prime; global_colors_info=\u00a0\u00bb{}\u00a0\u00bb sticky_enabled=\u00a0\u00bb0&Prime;]<\/p>\n<h1 style=\"text-align: center;\">Nos Services<\/h1>\n<p>[\/et_pb_text][\/et_pb_column][\/et_pb_row][\/et_pb_section][et_pb_section fb_built=\u00a0\u00bb1&Prime; _builder_version=\u00a0\u00bb4.25.0&Prime; _module_preset=\u00a0\u00bbdefault\u00a0\u00bb custom_padding=\u00a0\u00bb19px||0px|||\u00a0\u00bb global_colors_info=\u00a0\u00bb{}\u00a0\u00bb][et_pb_row _builder_version=\u00a0\u00bb4.25.0&Prime; _module_preset=\u00a0\u00bbdefault\u00a0\u00bb global_colors_info=\u00a0\u00bb{}\u00a0\u00bb][et_pb_column type=\u00a0\u00bb4_4&Prime; _builder_version=\u00a0\u00bb4.25.0&Prime; _module_preset=\u00a0\u00bbdefault\u00a0\u00bb global_colors_info=\u00a0\u00bb{}\u00a0\u00bb][dsm_card_carousel equal_height=\u00a0\u00bbon\u00a0\u00bb arrows=\u00a0\u00bboff\u00a0\u00bb dots=\u00a0\u00bboff\u00a0\u00bb _builder_version=\u00a0\u00bb4.25.0&Prime; _module_preset=\u00a0\u00bbdefault\u00a0\u00bb custom_margin=\u00a0\u00bb||-1px||false|false\u00a0\u00bb hover_enabled=\u00a0\u00bb0&Prime; global_colors_info=\u00a0\u00bb{}\u00a0\u00bb sticky_enabled=\u00a0\u00bb0&Prime;][dsm_card_carousel_child title=\u00a0\u00bbAjustement culturel\u00a0\u00bb image=\u00a0\u00bbhttps:\/\/doffice-consultancy.com\/wp-content\/uploads\/2024\/05\/Friendly-Guidance-Every-Step-on-the-Way.webp\u00a0\u00bb button_url_new_window=\u00a0\u00bb1&Prime; _builder_version=\u00a0\u00bb4.25.0&Prime; _module_preset=\u00a0\u00bbdefault\u00a0\u00bb hover_enabled=\u00a0\u00bb0&Prime; global_colors_info=\u00a0\u00bb{}\u00a0\u00bb sticky_enabled=\u00a0\u00bb0&Prime;]<\/p>\n<p style=\"text-align: justify;\">L&rsquo;ajustement culturel est le principal d\u00e9fi auquel les familles d&rsquo;expatri\u00e9s sont confront\u00e9es.<\/p>\n<p>[\/dsm_card_carousel_child][dsm_card_carousel_child title=\u00a0\u00bbImpact \u00e9motionnel\u00a0\u00bb image=\u00a0\u00bbhttps:\/\/doffice-consultancy.com\/wp-content\/uploads\/2024\/05\/pexels-ketut-subiyanto-4963436-600&#215;400-1.webp\u00a0\u00bb button_url_new_window=\u00a0\u00bb1&Prime; _builder_version=\u00a0\u00bb4.25.0&Prime; _module_preset=\u00a0\u00bbdefault\u00a0\u00bb hover_enabled=\u00a0\u00bb0&Prime; global_colors_info=\u00a0\u00bb{}\u00a0\u00bb sticky_enabled=\u00a0\u00bb0&Prime;]<\/p>\n<p style=\"text-align: justify;\">Nous comprenons les sentiments de mal du pays, de solitude et d&rsquo;anxi\u00e9t\u00e9 auxquels vous pouvez \u00eatre confront\u00e9s pendant votre p\u00e9riode de transition.<\/p>\n<p>[\/dsm_card_carousel_child][dsm_card_carousel_child title=\u00a0\u00bbConsid\u00e9rations \u00e9ducatives\u00a0\u00bb image=\u00a0\u00bbhttps:\/\/doffice-consultancy.com\/wp-content\/uploads\/2024\/05\/flexible-food-manufacturing-1-1.webp\u00a0\u00bb button_url_new_window=\u00a0\u00bb1&Prime; _builder_version=\u00a0\u00bb4.25.0&Prime; _module_preset=\u00a0\u00bbdefault\u00a0\u00bb hover_enabled=\u00a0\u00bb0&Prime; global_colors_info=\u00a0\u00bb{}\u00a0\u00bb sticky_enabled=\u00a0\u00bb0&Prime;]<\/p>\n<p style=\"text-align: justify;\">Nous vous aidons \u00e0 trouver le bon syst\u00e8me scolaire qui r\u00e9pondra le mieux aux besoins de vos enfants et \u00e0 vos attentes acad\u00e9miques.<\/p>\n<p>[\/dsm_card_carousel_child][dsm_card_carousel_child title=\u00a0\u00bbInt\u00e9gration sociale et r\u00e9seautage\u00a0\u00bb image=\u00a0\u00bbhttps:\/\/doffice-consultancy.com\/wp-content\/uploads\/2024\/05\/Beyond-expatriation-the-strategic-importance-of-international-mobility-1260&#215;826-1.jpg\u00a0\u00bb button_url_new_window=\u00a0\u00bb1&Prime; _builder_version=\u00a0\u00bb4.25.0&Prime; _module_preset=\u00a0\u00bbdefault\u00a0\u00bb hover_enabled=\u00a0\u00bb0&Prime; global_colors_info=\u00a0\u00bb{}\u00a0\u00bb sticky_enabled=\u00a0\u00bb0&Prime;]<\/p>\n<p style=\"text-align: justify;\">Pour \u00e9tablir un sentiment d&rsquo;appartenance dans votre nouvel environnement, nous vous aidons \u00e0 trouver votre maison, \u00e0 cr\u00e9er votre\u00a0 r\u00e9seau et \u00e0 vous donner des conseils.<\/p>\n<p>[\/dsm_card_carousel_child][dsm_card_carousel_child image=\u00a0\u00bbhttps:\/\/doffice-consultancy.com\/wp-content\/uploads\/2024\/05\/Morocco-Djemaa-el-Fna-market-Marrakech.jpg\u00a0\u00bb button_url_new_window=\u00a0\u00bb1&Prime; _builder_version=\u00a0\u00bb4.25.0&Prime; _module_preset=\u00a0\u00bbdefault\u00a0\u00bb hover_enabled=\u00a0\u00bb0&Prime; global_colors_info=\u00a0\u00bb{}\u00a0\u00bb sticky_enabled=\u00a0\u00bb0&Prime; title_text=\u00a0\u00bbMorocco-Djemaa-el-Fna-market-Marrakech\u00a0\u00bb]<\/p>\n<p style=\"text-align: justify;\">Accompagnement dans la recherche de domicile, l\u2019Orientation dans votre nouvelle ville d\u2019accueil, la recherche d\u2019\u00e9tablissements scolaires, l\u2019installation et le processus de la constitution de vos dossiers administratifs pour les services de l\u2019immigration.<\/p>\n<p>[\/dsm_card_carousel_child][\/dsm_card_carousel][\/et_pb_column][\/et_pb_row][\/et_pb_section]<\/p>\n","protected":false},"excerpt":{"rendered":"<p>Nos Services<div class=\"et_pb_module dsm_card_carousel dsm_card_carousel_0 dsm_card_carousel_layout_stacked  dsm_card_carousel_equal_height dsm_card_carousel_arrow_outside dsm_card_carousel_arrow_mobile_inside\">\n\t\t\t\t\n\t\t\t\t\n\t\t\t\t\n\t\t\t\t\n\t\t\t\t\n\t\t\t\t\n\t\t\t\t<div class=\"et_pb_module_inner\">\n\t\t\t\t\t\n\t\t\t\n\t\t\t<div class=\"swiper-container dsm_card_carousel_wrapper\" dir=\"ltr\" data-params=\"[{&quot;direction&quot;:&quot;horizontal&quot;,&quot;effect&quot;:&quot;default&quot;,&quot;slider_effect_shadows&quot;:false,&quot;slider_effect_coverflow_rotate&quot;:&quot;30&quot;,&quot;slider_effect_coverflow_depth&quot;:&quot;0&quot;,&quot;loop&quot;:true,&quot;slide_to_show&quot;:&quot;3&quot;,&quot;slide_to_show_tablet&quot;:&quot;1&quot;,&quot;slide_to_show_phone&quot;:&quot;1&quot;,&quot;slide_to_scroll&quot;:&quot;1&quot;,&quot;slide_to_scroll_tablet&quot;:&quot;1&quot;,&quot;slide_to_scroll_phone&quot;:&quot;1&quot;,&quot;space_between&quot;:&quot;15&quot;,&quot;space_between_tablet&quot;:&quot;15&quot;,&quot;space_between_phone&quot;:&quot;15&quot;,&quot;centered_slides&quot;:false,&quot;slide_row&quot;:&quot;1&quot;,&quot;slide_row_tablet&quot;:&quot;1&quot;,&quot;slide_row_phone&quot;:&quot;1&quot;,&quot;speed&quot;:&quot;300&quot;,&quot;autoplay&quot;:true,&quot;autoplay_speed&quot;:&quot;3000&quot;,&quot;autoplay_viewport&quot;:&quot;80%&quot;,&quot;touch_move&quot;:true,&quot;grab&quot;:true,&quot;pause_on_hover&quot;:false,&quot;mousewheel&quot;:false,&quot;auto_height&quot;:false,&quot;equal_height_tablet&quot;:true,&quot;equal_height_phone&quot;:true}]\">\n\t\t\t<div class=\"swiper-wrapper\"><div class=\"dsm_card_carousel_child dsm_card_carousel_child_0 swiper-slide\">\n\t\t\t\t\n\t\t\t\t\n\t\t\t\t\n\t\t\t\t\n\t\t\t\t\n\t\t\t\t\n\t\t\t\t<div class=\"et_pb_module_inner\">\n\t\t\t\t\t\n\t\t\t\n\t\t\t<figure class=\"dsm_card_carousel_child_image_wrapper dsm_card_carousel_child_badge_top_right\"><div class=\"dsm_card_carousel_child_image_background dsm_card_carousel_child_img\"><\/div><\/figure>\n\t\t\t<div class=\"dsm_card_wrapper et_pb_text_align_left et_pb_bg_layout_light\">\n\t\t\t\t\t<h4 class=\"dsm_card_title et_pb_module_header\">Ajustement culturel<\/h4>\n\t\t\t\t\t\n\t\t\t\t\t<div class=\"dsm_card_carousel_child_description\">L&rsquo;ajustement culturel est le principal d\u00e9fi auquel les familles d&rsquo;expatri\u00e9s sont confront\u00e9es.<\/div>\n\t\t\t\t\t\n\t\t\t\t<\/div>\n\t\t\t\t<\/div>\n\t\t\t<\/div><div class=\"dsm_card_carousel_child dsm_card_carousel_child_1 swiper-slide\">\n\t\t\t\t\n\t\t\t\t\n\t\t\t\t\n\t\t\t\t\n\t\t\t\t\n\t\t\t\t\n\t\t\t\t<div class=\"et_pb_module_inner\">\n\t\t\t\t\t\n\t\t\t\n\t\t\t<figure class=\"dsm_card_carousel_child_image_wrapper dsm_card_carousel_child_badge_top_right\"><div class=\"dsm_card_carousel_child_image_background dsm_card_carousel_child_img\"><\/div><\/figure>\n\t\t\t<div class=\"dsm_card_wrapper et_pb_text_align_left et_pb_bg_layout_light\">\n\t\t\t\t\t<h4 class=\"dsm_card_title et_pb_module_header\">Impact \u00e9motionnel<\/h4>\n\t\t\t\t\t\n\t\t\t\t\t<div class=\"dsm_card_carousel_child_description\">Nous comprenons les sentiments de mal du pays, de solitude et d&rsquo;anxi\u00e9t\u00e9 auxquels vous pouvez \u00eatre confront\u00e9s pendant votre p\u00e9riode de transition.<\/div>\n\t\t\t\t\t\n\t\t\t\t<\/div>\n\t\t\t\t<\/div>\n\t\t\t<\/div><div class=\"dsm_card_carousel_child dsm_card_carousel_child_2 swiper-slide\">\n\t\t\t\t\n\t\t\t\t\n\t\t\t\t\n\t\t\t\t\n\t\t\t\t\n\t\t\t\t\n\t\t\t\t<div class=\"et_pb_module_inner\">\n\t\t\t\t\t\n\t\t\t\n\t\t\t<figure class=\"dsm_card_carousel_child_image_wrapper dsm_card_carousel_child_badge_top_right\"><div class=\"dsm_card_carousel_child_image_background dsm_card_carousel_child_img\"><\/div><\/figure>\n\t\t\t<div class=\"dsm_card_wrapper et_pb_text_align_left et_pb_bg_layout_light\">\n\t\t\t\t\t<h4 class=\"dsm_card_title et_pb_module_header\">Consid\u00e9rations \u00e9ducatives<\/h4>\n\t\t\t\t\t\n\t\t\t\t\t<div class=\"dsm_card_carousel_child_description\">Nous vous aidons \u00e0 trouver le bon syst\u00e8me scolaire qui r\u00e9pondra le mieux aux besoins de vos enfants et \u00e0 vos attentes acad\u00e9miques.<\/div>\n\t\t\t\t\t\n\t\t\t\t<\/div>\n\t\t\t\t<\/div>\n\t\t\t<\/div><div class=\"dsm_card_carousel_child dsm_card_carousel_child_3 swiper-slide\">\n\t\t\t\t\n\t\t\t\t\n\t\t\t\t\n\t\t\t\t\n\t\t\t\t\n\t\t\t\t\n\t\t\t\t<div class=\"et_pb_module_inner\">\n\t\t\t\t\t\n\t\t\t\n\t\t\t<figure class=\"dsm_card_carousel_child_image_wrapper dsm_card_carousel_child_badge_top_right\"><div class=\"dsm_card_carousel_child_image_background dsm_card_carousel_child_img\"><\/div><\/figure>\n\t\t\t<div class=\"dsm_card_wrapper et_pb_text_align_left et_pb_bg_layout_light\">\n\t\t\t\t\t<h4 class=\"dsm_card_title et_pb_module_header\">Int\u00e9gration sociale et r\u00e9seautage<\/h4>\n\t\t\t\t\t\n\t\t\t\t\t<div class=\"dsm_card_carousel_child_description\">Pour \u00e9tablir un sentiment d&rsquo;appartenance dans votre nouvel environnement, nous vous aidons \u00e0 trouver votre maison, \u00e0 cr\u00e9er votre\u00a0 r\u00e9seau et \u00e0 vous donner des conseils.<\/div>\n\t\t\t\t\t\n\t\t\t\t<\/div>\n\t\t\t\t<\/div>\n\t\t\t<\/div><div class=\"dsm_card_carousel_child dsm_card_carousel_child_4 swiper-slide\">\n\t\t\t\t\n\t\t\t\t\n\t\t\t\t\n\t\t\t\t\n\t\t\t\t\n\t\t\t\t\n\t\t\t\t<div class=\"et_pb_module_inner\">\n\t\t\t\t\t\n\t\t\t\n\t\t\t<figure class=\"dsm_card_carousel_child_image_wrapper dsm_card_carousel_child_badge_top_right\"><div class=\"dsm_card_carousel_child_image_background dsm_card_carousel_child_img\"><\/div><\/figure>\n\t\t\t<div class=\"dsm_card_wrapper et_pb_text_align_left et_pb_bg_layout_light\">\n\t\t\t\t\t\n\t\t\t\t\t\n\t\t\t\t\t<div class=\"dsm_card_carousel_child_description\">Accompagnement dans la recherche de domicile, l\u2019Orientation dans votre nouvelle ville d\u2019accueil, la recherche d\u2019\u00e9tablissements scolaires, l\u2019installation et le processus de la constitution de vos dossiers administratifs pour les services de l\u2019immigration.<\/div>\n\t\t\t\t\t\n\t\t\t\t<\/div>\n\t\t\t\t<\/div>\n\t\t\t<\/div><\/div>\n\t\t\t<\/div><div class=\"swiper-button-prev dsm_card_carousel_arrow\" data-icon=\"4\"><\/div><div class=\"swiper-button-next dsm_card_carousel_arrow\" data-icon=\"5\"><\/div><div class=\"swiper-pagination dsm_card_carousel_pagination\"><\/div>\n\t\t\t\t<\/div>\n\t\t\t<\/div><\/p>\n","protected":false},"author":2,"featured_media":0,"parent":0,"menu_order":0,"comment_status":"closed","ping_status":"closed","template":"","meta":{"_et_pb_use_builder":"on","_et_pb_old_content":"<p>[et_pb_section fb_built=\"1\" _builder_version=\"4.25.0\" _module_preset=\"default\" use_background_color_gradient=\"on\" background_color_gradient_stops=\"rgba(0,0,0,0.76) 0%|rgba(0,0,0,0) 100%\" background_color_gradient_overlays_image=\"on\" background_image=\"https:\/\/doffice-consultancy.com\/wp-content\/uploads\/2024\/05\/060663225063-web-tete-e1715075998833.jpg\" custom_padding=\"165px||165px||true|false\" global_colors_info=\"{}\"][et_pb_row _builder_version=\"4.25.0\" _module_preset=\"default\" global_colors_info=\"{}\"][et_pb_column type=\"4_4\" _builder_version=\"4.25.0\" _module_preset=\"default\" global_colors_info=\"{}\"][et_pb_text _builder_version=\"4.25.0\" _module_preset=\"default\" header_font=\"ABeeZee|700|||||||\" header_text_color=\"#FFFFFF\" header_font_size=\"61px\" global_colors_info=\"{}\"]<\/p><h1 style=\"text-align: center;\">Our Services<\/h1><p>[\/et_pb_text][\/et_pb_column][\/et_pb_row][\/et_pb_section][et_pb_section fb_built=\"1\" _builder_version=\"4.25.0\" _module_preset=\"default\" custom_padding=\"19px||0px|||\" global_colors_info=\"{}\"][et_pb_row _builder_version=\"4.25.0\" _module_preset=\"default\" global_colors_info=\"{}\"][et_pb_column type=\"4_4\" _builder_version=\"4.25.0\" _module_preset=\"default\" global_colors_info=\"{}\"][dsm_card_carousel equal_height=\"on\" arrows=\"off\" dots=\"off\" _builder_version=\"4.25.0\" _module_preset=\"default\" custom_margin=\"||-1px||false|false\" global_colors_info=\"{}\"][dsm_card_carousel_child title=\"Cultural Adjustment\" image=\"https:\/\/doffice-consultancy.com\/wp-content\/uploads\/2024\/05\/Friendly-Guidance-Every-Step-on-the-Way.webp\" button_url_new_window=\"1\" _builder_version=\"4.25.0\" _module_preset=\"default\" global_colors_info=\"{}\" parent_button=\"off\" parent_header_level=\"h4\"]<\/p><p style=\"text-align: justify;\">Cultural adjustment is the main challenge that expats families encounter.<\/p><p>[\/dsm_card_carousel_child][dsm_card_carousel_child title=\"Emotional Impact\" image=\"https:\/\/doffice-consultancy.com\/wp-content\/uploads\/2024\/05\/pexels-ketut-subiyanto-4963436-600x400-1.webp\" button_url_new_window=\"1\" _builder_version=\"4.25.0\" _module_preset=\"default\" global_colors_info=\"{}\" parent_button=\"off\" parent_header_level=\"h4\"]<\/p><p style=\"text-align: justify;\">We understand the feeling of homesickness, loneliness and the<br \/>anxiety that you may face during your transition period.<\/p><p>[\/dsm_card_carousel_child][dsm_card_carousel_child title=\"Educational Considerations\" image=\"https:\/\/doffice-consultancy.com\/wp-content\/uploads\/2024\/05\/flexible-food-manufacturing-1-1.webp\" button_url_new_window=\"1\" _builder_version=\"4.25.0\" _module_preset=\"default\" global_colors_info=\"{}\" parent_button=\"off\" parent_header_level=\"h4\"]<\/p><p style=\"text-align: justify;\">We assist you in finding the right school system which will answer the best your children\u2019s needs and your academic expectations.<\/p><p>[\/dsm_card_carousel_child][dsm_card_carousel_child title=\"Social Integration and networking\" image=\"https:\/\/doffice-consultancy.com\/wp-content\/uploads\/2024\/05\/Beyond-expatriation-the-strategic-importance-of-international-mobility-1260x826-1.jpg\" button_url_new_window=\"1\" _builder_version=\"4.25.0\" _module_preset=\"default\" global_colors_info=\"{}\" parent_button=\"off\" parent_header_level=\"h4\"]<\/p><p style=\"text-align: justify;\">To establish a sense of belonging within your new environment, we help you to find your home and to create your network and give you tips.<\/p><p>[\/dsm_card_carousel_child][\/dsm_card_carousel][\/et_pb_column][\/et_pb_row][\/et_pb_section]<\/p>","_et_gb_content_width":"","footnotes":""},"class_list":["post-270809","page","type-page","status-publish","hentry"],"yoast_head":"<!-- This site is optimized with the Yoast SEO plugin v23.4 - https:\/\/yoast.com\/wordpress\/plugins\/seo\/ -->\n<title>Your Partner for a Smooth Relocation to Morocco - NOS SERVICES<\/title>\n<meta name=\"robots\" content=\"index, follow, max-snippet:-1, max-image-preview:large, max-video-preview:-1\" \/>\n<link rel=\"canonical\" href=\"https:\/\/doffice-consultancy.com\/fr\/nos-services\/\" \/>\n<meta property=\"og:locale\" content=\"fr_FR\" \/>\n<meta property=\"og:type\" content=\"article\" \/>\n<meta property=\"og:title\" content=\"Your Partner for a Smooth Relocation to Morocco - NOS SERVICES\" \/>\n<meta property=\"og:description\" content=\"Nos Services\" \/>\n<meta property=\"og:url\" content=\"https:\/\/doffice-consultancy.com\/fr\/nos-services\/\" \/>\n<meta property=\"og:site_name\" content=\"D-Office Consultancy\" \/>\n<meta property=\"article:modified_time\" content=\"2024-05-27T07:00:32+00:00\" \/>\n<meta property=\"og:image\" content=\"https:\/\/doffice-consultancy.com\/wp-content\/uploads\/2024\/09\/Logo-2.png\" \/>\n\t<meta property=\"og:image:width\" content=\"500\" \/>\n\t<meta property=\"og:image:height\" content=\"500\" \/>\n\t<meta property=\"og:image:type\" content=\"image\/png\" \/>\n<meta name=\"twitter:card\" content=\"summary_large_image\" \/>\n<meta name=\"twitter:label1\" content=\"Dur\u00e9e de lecture estim\u00e9e\" \/>\n\t<meta name=\"twitter:data1\" content=\"3 minutes\" \/>\n<script type=\"application\/ld+json\" class=\"yoast-schema-graph\">{\"@context\":\"https:\/\/schema.org\",\"@graph\":[{\"@type\":\"WebPage\",\"@id\":\"https:\/\/doffice-consultancy.com\/fr\/nos-services\/\",\"url\":\"https:\/\/doffice-consultancy.com\/fr\/nos-services\/\",\"name\":\"Your Partner for a Smooth Relocation to Morocco - NOS SERVICES\",\"isPartOf\":{\"@id\":\"https:\/\/doffice-consultancy.com\/#website\"},\"datePublished\":\"2024-04-30T13:46:49+00:00\",\"dateModified\":\"2024-05-27T07:00:32+00:00\",\"breadcrumb\":{\"@id\":\"https:\/\/doffice-consultancy.com\/fr\/nos-services\/#breadcrumb\"},\"inLanguage\":\"fr-FR\",\"potentialAction\":[{\"@type\":\"ReadAction\",\"target\":[\"https:\/\/doffice-consultancy.com\/fr\/nos-services\/\"]}]},{\"@type\":\"BreadcrumbList\",\"@id\":\"https:\/\/doffice-consultancy.com\/fr\/nos-services\/#breadcrumb\",\"itemListElement\":[{\"@type\":\"ListItem\",\"position\":1,\"name\":\"Home\",\"item\":\"https:\/\/doffice-consultancy.com\/fr\/home\/\"},{\"@type\":\"ListItem\",\"position\":2,\"name\":\"NOS SERVICES\"}]},{\"@type\":\"WebSite\",\"@id\":\"https:\/\/doffice-consultancy.com\/#website\",\"url\":\"https:\/\/doffice-consultancy.com\/\",\"name\":\"D-Office Consultancy\",\"description\":\"Your Partner for a Smooth Relocation to Morocco\",\"publisher\":{\"@id\":\"https:\/\/doffice-consultancy.com\/#organization\"},\"alternateName\":\"Doffice\",\"potentialAction\":[{\"@type\":\"SearchAction\",\"target\":{\"@type\":\"EntryPoint\",\"urlTemplate\":\"https:\/\/doffice-consultancy.com\/?s={search_term_string}\"},\"query-input\":{\"@type\":\"PropertyValueSpecification\",\"valueRequired\":true,\"valueName\":\"search_term_string\"}}],\"inLanguage\":\"fr-FR\"},{\"@type\":\"Organization\",\"@id\":\"https:\/\/doffice-consultancy.com\/#organization\",\"name\":\"D-Office Consultancy\",\"alternateName\":\"Doffice\",\"url\":\"https:\/\/doffice-consultancy.com\/\",\"logo\":{\"@type\":\"ImageObject\",\"inLanguage\":\"fr-FR\",\"@id\":\"https:\/\/doffice-consultancy.com\/#\/schema\/logo\/image\/\",\"url\":\"https:\/\/doffice-consultancy.com\/wp-content\/uploads\/2024\/09\/Logo-D.png\",\"contentUrl\":\"https:\/\/doffice-consultancy.com\/wp-content\/uploads\/2024\/09\/Logo-D.png\",\"width\":500,\"height\":500,\"caption\":\"D-Office Consultancy\"},\"image\":{\"@id\":\"https:\/\/doffice-consultancy.com\/#\/schema\/logo\/image\/\"}}]}<\/script>\n<!-- \/ Yoast SEO plugin. -->","yoast_head_json":{"title":"Your Partner for a Smooth Relocation to Morocco - NOS SERVICES","robots":{"index":"index","follow":"follow","max-snippet":"max-snippet:-1","max-image-preview":"max-image-preview:large","max-video-preview":"max-video-preview:-1"},"canonical":"https:\/\/doffice-consultancy.com\/fr\/nos-services\/","og_locale":"fr_FR","og_type":"article","og_title":"Your Partner for a Smooth Relocation to Morocco - NOS SERVICES","og_description":"Nos Services","og_url":"https:\/\/doffice-consultancy.com\/fr\/nos-services\/","og_site_name":"D-Office Consultancy","article_modified_time":"2024-05-27T07:00:32+00:00","og_image":[{"width":500,"height":500,"url":"https:\/\/doffice-consultancy.com\/wp-content\/uploads\/2024\/09\/Logo-2.png","type":"image\/png"}],"twitter_card":"summary_large_image","twitter_misc":{"Dur\u00e9e de lecture estim\u00e9e":"3 minutes"},"schema":{"@context":"https:\/\/schema.org","@graph":[{"@type":"WebPage","@id":"https:\/\/doffice-consultancy.com\/fr\/nos-services\/","url":"https:\/\/doffice-consultancy.com\/fr\/nos-services\/","name":"Your Partner for a Smooth Relocation to Morocco - NOS SERVICES","isPartOf":{"@id":"https:\/\/doffice-consultancy.com\/#website"},"datePublished":"2024-04-30T13:46:49+00:00","dateModified":"2024-05-27T07:00:32+00:00","breadcrumb":{"@id":"https:\/\/doffice-consultancy.com\/fr\/nos-services\/#breadcrumb"},"inLanguage":"fr-FR","potentialAction":[{"@type":"ReadAction","target":["https:\/\/doffice-consultancy.com\/fr\/nos-services\/"]}]},{"@type":"BreadcrumbList","@id":"https:\/\/doffice-consultancy.com\/fr\/nos-services\/#breadcrumb","itemListElement":[{"@type":"ListItem","position":1,"name":"Home","item":"https:\/\/doffice-consultancy.com\/fr\/home\/"},{"@type":"ListItem","position":2,"name":"NOS SERVICES"}]},{"@type":"WebSite","@id":"https:\/\/doffice-consultancy.com\/#website","url":"https:\/\/doffice-consultancy.com\/","name":"D-Office Consultancy","description":"Your Partner for a Smooth Relocation to Morocco","publisher":{"@id":"https:\/\/doffice-consultancy.com\/#organization"},"alternateName":"Doffice","potentialAction":[{"@type":"SearchAction","target":{"@type":"EntryPoint","urlTemplate":"https:\/\/doffice-consultancy.com\/?s={search_term_string}"},"query-input":{"@type":"PropertyValueSpecification","valueRequired":true,"valueName":"search_term_string"}}],"inLanguage":"fr-FR"},{"@type":"Organization","@id":"https:\/\/doffice-consultancy.com\/#organization","name":"D-Office Consultancy","alternateName":"Doffice","url":"https:\/\/doffice-consultancy.com\/","logo":{"@type":"ImageObject","inLanguage":"fr-FR","@id":"https:\/\/doffice-consultancy.com\/#\/schema\/logo\/image\/","url":"https:\/\/doffice-consultancy.com\/wp-content\/uploads\/2024\/09\/Logo-D.png","contentUrl":"https:\/\/doffice-consultancy.com\/wp-content\/uploads\/2024\/09\/Logo-D.png","width":500,"height":500,"caption":"D-Office Consultancy"},"image":{"@id":"https:\/\/doffice-consultancy.com\/#\/schema\/logo\/image\/"}}]}},"_links":{"self":[{"href":"https:\/\/doffice-consultancy.com\/fr\/wp-json\/wp\/v2\/pages\/270809","targetHints":{"allow":["GET"]}}],"collection":[{"href":"https:\/\/doffice-consultancy.com\/fr\/wp-json\/wp\/v2\/pages"}],"about":[{"href":"https:\/\/doffice-consultancy.com\/fr\/wp-json\/wp\/v2\/types\/page"}],"author":[{"embeddable":true,"href":"https:\/\/doffice-consultancy.com\/fr\/wp-json\/wp\/v2\/users\/2"}],"replies":[{"embeddable":true,"href":"https:\/\/doffice-consultancy.com\/fr\/wp-json\/wp\/v2\/comments?post=270809"}],"version-history":[{"count":2,"href":"https:\/\/doffice-consultancy.com\/fr\/wp-json\/wp\/v2\/pages\/270809\/revisions"}],"predecessor-version":[{"id":270812,"href":"https:\/\/doffice-consultancy.com\/fr\/wp-json\/wp\/v2\/pages\/270809\/revisions\/270812"}],"wp:attachment":[{"href":"https:\/\/doffice-consultancy.com\/fr\/wp-json\/wp\/v2\/media?parent=270809"}],"curies":[{"name":"wp","href":"https:\/\/api.w.org\/{rel}","templated":true}]}}