{"id":270804,"date":"2024-04-30T13:47:48","date_gmt":"2024-04-30T13:47:48","guid":{"rendered":"https:\/\/doffice-consultancy.com\/?page_id=270804"},"modified":"2024-05-27T07:09:29","modified_gmt":"2024-05-27T07:09:29","slug":"a-propos-de-nous","status":"publish","type":"page","link":"https:\/\/doffice-consultancy.com\/fr\/a-propos-de-nous\/","title":{"rendered":"\u00c0 PROPOS DE NOUS"},"content":{"rendered":"<p>[et_pb_section fb_built=\u00a0\u00bb1&Prime; _builder_version=\u00a0\u00bb4.25.0&Prime; _module_preset=\u00a0\u00bbdefault\u00a0\u00bb use_background_color_gradient=\u00a0\u00bbon\u00a0\u00bb background_color_gradient_stops=\u00a0\u00bbrgba(0,0,0,0.76) 0%|rgba(0,0,0,0) 100%\u00a0\u00bb background_color_gradient_overlays_image=\u00a0\u00bbon\u00a0\u00bb background_image=\u00a0\u00bbhttps:\/\/doffice-consultancy.com\/wp-content\/uploads\/2024\/05\/060663225063-web-tete-e1715075998833.jpg\u00a0\u00bb custom_padding=\u00a0\u00bb165px||165px||true|false\u00a0\u00bb locked=\u00a0\u00bboff\u00a0\u00bb global_colors_info=\u00a0\u00bb{}\u00a0\u00bb][et_pb_row _builder_version=\u00a0\u00bb4.25.0&Prime; _module_preset=\u00a0\u00bbdefault\u00a0\u00bb global_colors_info=\u00a0\u00bb{}\u00a0\u00bb][et_pb_column type=\u00a0\u00bb4_4&Prime; _builder_version=\u00a0\u00bb4.25.0&Prime; _module_preset=\u00a0\u00bbdefault\u00a0\u00bb global_colors_info=\u00a0\u00bb{}\u00a0\u00bb][et_pb_text _builder_version=\u00a0\u00bb4.25.0&Prime; _module_preset=\u00a0\u00bbdefault\u00a0\u00bb header_font=\u00a0\u00bbABeeZee|700|||||||\u00a0\u00bb header_text_color=\u00a0\u00bb#FFFFFF\u00a0\u00bb header_font_size=\u00a0\u00bb61px\u00a0\u00bb global_colors_info=\u00a0\u00bb{}\u00a0\u00bb]<\/p>\n<h1 style=\"text-align: center;\"><strong>\u00c0 PROPOS DE NOUS<\/strong><\/h1>\n<p>[\/et_pb_text][\/et_pb_column][\/et_pb_row][\/et_pb_section][et_pb_section fb_built=\u00a0\u00bb1&Prime; make_equal=\u00a0\u00bbon\u00a0\u00bb specialty=\u00a0\u00bbon\u00a0\u00bb background_color_1=\u00a0\u00bb#000c21&Prime; padding_top_1=\u00a0\u00bb10px\u00a0\u00bb padding_top_2=\u00a0\u00bb6vw\u00a0\u00bb padding_right_1=\u00a0\u00bb0px\u00a0\u00bb padding_bottom_1=\u00a0\u00bb10px\u00a0\u00bb padding_bottom_2=\u00a0\u00bb6vw\u00a0\u00bb padding_left_1=\u00a0\u00bb28px\u00a0\u00bb padding_top_bottom_link_1=\u00a0\u00bbtrue\u00a0\u00bb padding_top_bottom_link_2=\u00a0\u00bbtrue\u00a0\u00bb padding_left_right_link_1=\u00a0\u00bbfalse\u00a0\u00bb padding_left_right_link_2=\u00a0\u00bbfalse\u00a0\u00bb admin_label=\u00a0\u00bbServices\u00a0\u00bb _builder_version=\u00a0\u00bb4.25.0&Prime; z_index=\u00a0\u00bb10&Prime; custom_margin=\u00a0\u00bb|||0px|false|false\u00a0\u00bb custom_padding=\u00a0\u00bb0px||0px|0px|false|false\u00a0\u00bb locked=\u00a0\u00bboff\u00a0\u00bb global_colors_info=\u00a0\u00bb{}\u00a0\u00bb][et_pb_column type=\u00a0\u00bb1_4&Prime; _builder_version=\u00a0\u00bb4.16&Prime; custom_padding=\u00a0\u00bb|||\u00a0\u00bb global_colors_info=\u00a0\u00bb{}\u00a0\u00bb custom_padding__hover=\u00a0\u00bb|||\u00a0\u00bb][et_pb_text _builder_version=\u00a0\u00bb4.25.0&Prime; text_font=\u00a0\u00bbRoboto Condensed|700||on|||||\u00a0\u00bb text_font_size=\u00a0\u00bb83px\u00a0\u00bb text_line_height=\u00a0\u00bb1em\u00a0\u00bb transform_scale_tablet=\u00a0\u00bb\u00a0\u00bb transform_scale_phone=\u00a0\u00bb\u00a0\u00bb transform_scale_last_edited=\u00a0\u00bbon|tablet\u00a0\u00bb transform_translate=\u00a0\u00bb-32%|190%\u00a0\u00bb transform_translate_tablet=\u00a0\u00bb0%|0%\u00a0\u00bb transform_translate_phone=\u00a0\u00bb\u00a0\u00bb transform_translate_last_edited=\u00a0\u00bbon|tablet\u00a0\u00bb transform_translate_linked=\u00a0\u00bboff\u00a0\u00bb transform_rotate=\u00a0\u00bb0deg|0deg|-90deg\u00a0\u00bb transform_rotate_tablet=\u00a0\u00bb0deg|0deg|0deg\u00a0\u00bb transform_rotate_phone=\u00a0\u00bb\u00a0\u00bb transform_rotate_last_edited=\u00a0\u00bbon|desktop\u00a0\u00bb transform_skew_tablet=\u00a0\u00bb\u00a0\u00bb transform_skew_phone=\u00a0\u00bb\u00a0\u00bb transform_skew_last_edited=\u00a0\u00bbon|desktop\u00a0\u00bb transform_origin_tablet=\u00a0\u00bb\u00a0\u00bb transform_origin_phone=\u00a0\u00bb\u00a0\u00bb transform_origin_last_edited=\u00a0\u00bbon|desktop\u00a0\u00bb transform_styles_last_edited=\u00a0\u00bbon|tablet\u00a0\u00bb text_orientation=\u00a0\u00bbcenter\u00a0\u00bb background_layout=\u00a0\u00bbdark\u00a0\u00bb width=\u00a0\u00bb500%\u00a0\u00bb width_tablet=\u00a0\u00bb100%\u00a0\u00bb width_phone=\u00a0\u00bb\u00a0\u00bb width_last_edited=\u00a0\u00bbon|tablet\u00a0\u00bb hover_enabled=\u00a0\u00bb0&Prime; text_font_size_tablet=\u00a0\u00bb20px\u00a0\u00bb text_font_size_phone=\u00a0\u00bb\u00a0\u00bb text_font_size_last_edited=\u00a0\u00bbon|phone\u00a0\u00bb transform_styles_tablet=\u00a0\u00bb\u00a0\u00bb transform_styles_phone=\u00a0\u00bb\u00a0\u00bb text_orientation_tablet=\u00a0\u00bbleft\u00a0\u00bb text_orientation_phone=\u00a0\u00bb\u00a0\u00bb text_orientation_last_edited=\u00a0\u00bbon|tablet\u00a0\u00bb locked=\u00a0\u00bboff\u00a0\u00bb global_colors_info=\u00a0\u00bb{}\u00a0\u00bb transform_styles__hover_enabled=\u00a0\u00bboff|desktop\u00a0\u00bb transform_scale__hover_enabled=\u00a0\u00bboff|desktop\u00a0\u00bb transform_translate__hover_enabled=\u00a0\u00bboff|desktop\u00a0\u00bb transform_rotate__hover_enabled=\u00a0\u00bboff|desktop\u00a0\u00bb transform_skew__hover_enabled=\u00a0\u00bboff|desktop\u00a0\u00bb transform_origin__hover_enabled=\u00a0\u00bboff|desktop\u00a0\u00bb text_font_size__hover_enabled=\u00a0\u00bboff|desktop\u00a0\u00bb custom_margin=\u00a0\u00bb59px|||-7px|false|false\u00a0\u00bb sticky_enabled=\u00a0\u00bb0&Prime;]<\/p>\n<p>Fondatrices<\/p>\n<p>[\/et_pb_text][\/et_pb_column][et_pb_column type=\u00a0\u00bb3_4&Prime; specialty_columns=\u00a0\u00bb3&Prime; _builder_version=\u00a0\u00bb4.16&Prime; custom_padding=\u00a0\u00bb|||\u00a0\u00bb global_colors_info=\u00a0\u00bb{}\u00a0\u00bb custom_padding__hover=\u00a0\u00bb|||\u00a0\u00bb][et_pb_row_inner _builder_version=\u00a0\u00bb4.16&Prime; locked=\u00a0\u00bboff\u00a0\u00bb global_colors_info=\u00a0\u00bb{}\u00a0\u00bb][et_pb_column_inner saved_specialty_column_type=\u00a0\u00bb3_4&Prime; _builder_version=\u00a0\u00bb4.16&Prime; global_colors_info=\u00a0\u00bb{}\u00a0\u00bb][et_pb_text _builder_version=\u00a0\u00bb4.25.0&Prime; text_text_color=\u00a0\u00bb#000000&Prime; text_font_size=\u00a0\u00bb16px\u00a0\u00bb header_2_font=\u00a0\u00bbRoboto Condensed|700||on|||||\u00a0\u00bb header_2_font_size=\u00a0\u00bb74px\u00a0\u00bb header_2_line_height=\u00a0\u00bb1.1em\u00a0\u00bb header_2_font_size_tablet=\u00a0\u00bb50px\u00a0\u00bb header_2_font_size_phone=\u00a0\u00bb30px\u00a0\u00bb header_2_font_size_last_edited=\u00a0\u00bbon|phone\u00a0\u00bb locked=\u00a0\u00bboff\u00a0\u00bb global_colors_info=\u00a0\u00bb{}\u00a0\u00bb]<\/p>\n<p>L&rsquo;histoire personnel de nos fondatrices est un t\u00e9moignage qui refl\u00e8te le pouvoir transformateur de l\u2019expatriation. Chez D-Office, nous comprenons l\u2019expatriation car<br \/>nous l&rsquo;avons v\u00e9cue. Avec plus de 20 ans d&rsquo;exp\u00e9rience personnelle \u00e0 d\u00e9m\u00e9nager entre diff\u00e9rents pays et continents &#8211; Chine, Inde, Kenya, Burundi, Suriname, Mexique,<br \/>Pologne, Italie, Roumanie, France, Allemagne &#8211; nos fondatrices connaissent de premi\u00e8re main les d\u00e9fis et les opportunit\u00e9s qui accompagnent le fait d&rsquo;\u00eatre constamment en mouvement. C&rsquo;est pourquoi nous croyons en la puissance de la connexion humaine. Nous sommes sp\u00e9cialis\u00e9s dans la fourniture de services de conseil complets pour la mobilit\u00e9 des talents, en veillant \u00e0 ce que chaque exp\u00e9rience soit guid\u00e9e par l&#8217;empathie, la compr\u00e9hension et le soutien.<br \/>Bas\u00e9s au Maroc, nous c\u00e9l\u00e9brons la diversit\u00e9 et embrassons l&rsquo;aspect multiculturel de nos talents. Notre \u00e9quipe d\u00e9vou\u00e9e offre une expertise sur le terrain pour rendre votre voyage facile et sans stress en proposant des services de conseil sur mesure adapt\u00e9s \u00e0 votre exp\u00e9rience d&rsquo;expatriation individuelle \u00e0 Tanger.<\/p>\n<p>[\/et_pb_text][\/et_pb_column_inner][\/et_pb_row_inner][\/et_pb_column][\/et_pb_section]<\/p>\n","protected":false},"excerpt":{"rendered":"<p>\u00c0 PROPOS DE NOUSFondatricesL&rsquo;histoire personnel de nos fondatrices est un t\u00e9moignage qui refl\u00e8te le pouvoir transformateur de l\u2019expatriation. Chez D-Office, nous comprenons l\u2019expatriation carnous l&rsquo;avons v\u00e9cue. Avec plus de 20 ans d&rsquo;exp\u00e9rience personnelle \u00e0 d\u00e9m\u00e9nager entre diff\u00e9rents pays et continents &#8211; Chine, Inde, Kenya, Burundi, Suriname, Mexique,Pologne, Italie, Roumanie, France, Allemagne &#8211; nos fondatrices connaissent de premi\u00e8re main les d\u00e9fis et les opportunit\u00e9s qui accompagnent le fait d&rsquo;\u00eatre constamment en mouvement. C&rsquo;est pourquoi nous croyons en la puissance de la connexion humaine. Nous sommes sp\u00e9cialis\u00e9s dans la fourniture de services de conseil complets pour la mobilit\u00e9 des talents, en veillant \u00e0 ce que chaque exp\u00e9rience soit guid\u00e9e par l&#8217;empathie, la compr\u00e9hension et le soutien.Bas\u00e9s au Maroc, nous c\u00e9l\u00e9brons la diversit\u00e9 et embrassons l&rsquo;aspect multiculturel de nos talents. Notre \u00e9quipe d\u00e9vou\u00e9e offre une expertise sur le terrain pour rendre votre voyage facile et sans stress en proposant des services de conseil sur mesure adapt\u00e9s \u00e0 votre exp\u00e9rience d&rsquo;expatriation individuelle \u00e0 Tanger.<\/p>\n","protected":false},"author":2,"featured_media":270896,"parent":0,"menu_order":0,"comment_status":"closed","ping_status":"closed","template":"","meta":{"_et_pb_use_builder":"on","_et_pb_old_content":"<p>[et_pb_section fb_built=\"1\" _builder_version=\"4.25.0\" _module_preset=\"default\" use_background_color_gradient=\"on\" background_color_gradient_stops=\"rgba(0,0,0,0.76) 0%|rgba(0,0,0,0) 100%\" background_color_gradient_overlays_image=\"on\" background_image=\"https:\/\/doffice-consultancy.com\/wp-content\/uploads\/2024\/05\/060663225063-web-tete-e1715075998833.jpg\" custom_padding=\"165px||165px||true|false\" locked=\"off\" global_colors_info=\"{}\"][et_pb_row _builder_version=\"4.25.0\" _module_preset=\"default\" global_colors_info=\"{}\"][et_pb_column type=\"4_4\" _builder_version=\"4.25.0\" _module_preset=\"default\" global_colors_info=\"{}\"][et_pb_text _builder_version=\"4.25.0\" _module_preset=\"default\" header_font=\"ABeeZee|700|||||||\" header_text_color=\"#FFFFFF\" header_font_size=\"61px\" global_colors_info=\"{}\"]<\/p><h1 style=\"text-align: center;\"><strong>Our Founder\u2019s Journey<\/strong><\/h1><p>[\/et_pb_text][\/et_pb_column][\/et_pb_row][\/et_pb_section][et_pb_section fb_built=\"1\" make_equal=\"on\" specialty=\"on\" background_color_1=\"#000c21\" padding_top_1=\"10px\" padding_top_2=\"6vw\" padding_right_1=\"0px\" padding_bottom_1=\"10px\" padding_bottom_2=\"6vw\" padding_left_1=\"28px\" padding_top_bottom_link_1=\"true\" padding_top_bottom_link_2=\"true\" padding_left_right_link_1=\"false\" padding_left_right_link_2=\"false\" admin_label=\"Services\" _builder_version=\"4.25.0\" z_index=\"10\" custom_margin=\"|||0px|false|false\" custom_padding=\"0px||0px|0px|false|false\" locked=\"off\" global_colors_info=\"{}\"][et_pb_column type=\"1_4\" _builder_version=\"4.16\" custom_padding=\"|||\" global_colors_info=\"{}\" custom_padding__hover=\"|||\"][et_pb_text _builder_version=\"4.25.0\" text_font=\"Roboto Condensed|700||on|||||\" text_font_size=\"100px\" text_line_height=\"1em\" transform_scale_tablet=\"\" transform_scale_phone=\"\" transform_scale_last_edited=\"on|tablet\" transform_translate=\"-32%|190%\" transform_translate_tablet=\"0%|0%\" transform_translate_phone=\"\" transform_translate_last_edited=\"on|tablet\" transform_translate_linked=\"off\" transform_rotate=\"0deg|0deg|-90deg\" transform_rotate_tablet=\"0deg|0deg|0deg\" transform_rotate_phone=\"\" transform_rotate_last_edited=\"on|desktop\" transform_skew_tablet=\"\" transform_skew_phone=\"\" transform_skew_last_edited=\"on|desktop\" transform_origin_tablet=\"\" transform_origin_phone=\"\" transform_origin_last_edited=\"on|desktop\" transform_styles_last_edited=\"on|tablet\" text_orientation=\"center\" background_layout=\"dark\" width=\"500%\" width_tablet=\"100%\" width_phone=\"\" width_last_edited=\"on|tablet\" hover_enabled=\"0\" text_font_size_tablet=\"20px\" text_font_size_phone=\"\" text_font_size_last_edited=\"on|phone\" transform_styles_tablet=\"\" transform_styles_phone=\"\" text_orientation_tablet=\"left\" text_orientation_phone=\"\" text_orientation_last_edited=\"on|tablet\" locked=\"off\" global_colors_info=\"{}\" transform_styles__hover_enabled=\"off|desktop\" transform_scale__hover_enabled=\"off|desktop\" transform_translate__hover_enabled=\"off|desktop\" transform_rotate__hover_enabled=\"off|desktop\" transform_skew__hover_enabled=\"off|desktop\" transform_origin__hover_enabled=\"off|desktop\" text_font_size__hover_enabled=\"off|desktop\" sticky_enabled=\"0\"]<\/p><p>Founder<\/p><p>[\/et_pb_text][\/et_pb_column][et_pb_column type=\"3_4\" specialty_columns=\"3\" _builder_version=\"4.16\" custom_padding=\"|||\" global_colors_info=\"{}\" custom_padding__hover=\"|||\"][et_pb_row_inner _builder_version=\"4.16\" locked=\"off\" global_colors_info=\"{}\"][et_pb_column_inner saved_specialty_column_type=\"3_4\" _builder_version=\"4.16\" global_colors_info=\"{}\"][et_pb_text _builder_version=\"4.25.0\" text_text_color=\"#000000\" text_font_size=\"16px\" header_2_font=\"Roboto Condensed|700||on|||||\" header_2_font_size=\"74px\" header_2_line_height=\"1.1em\" hover_enabled=\"0\" header_2_font_size_tablet=\"50px\" header_2_font_size_phone=\"30px\" header_2_font_size_last_edited=\"on|phone\" locked=\"off\" global_colors_info=\"{}\" sticky_enabled=\"0\"]<\/p><p>The story of our Founders\u2019 journey is a testament that reflects the transformative power of<br \/>Relocation. At D-Office, we understand Relocation because we\u2019ve lived it. With over 20 years<br \/>of personal experience of moving between various countries and different continents \u2013 China,<br \/>India, Kenia, Burundi, Surinam, Mexico, Poland, Italy, Romania, France, Germany - our<br \/>founders know firsthand the challenges and opportunities that come with being constantly on<br \/>the move.<br \/>Therefore, we believe in the power of human connection. We specialize in providing<br \/>comprehensive consultancy services for talents relocation and mobility, ensuring that every<br \/>experience is guided by empathy, understanding, and support.<br \/>Based in Morocco, we celebrate diversity and embrace the multicultural aspect of our talents.<br \/>Our dedicated team offers on-the-ground expertise to make your journey seamless and stressfree by offering tailor-made consultancy services that suit your individual expatriation<br \/>experience in Tangier.<\/p><p>[\/et_pb_text][\/et_pb_column_inner][\/et_pb_row_inner][\/et_pb_column][\/et_pb_section]<\/p>","_et_gb_content_width":"","footnotes":""},"class_list":["post-270804","page","type-page","status-publish","has-post-thumbnail","hentry"],"yoast_head":"<!-- This site is optimized with the Yoast SEO plugin v23.4 - https:\/\/yoast.com\/wordpress\/plugins\/seo\/ -->\n<title>Your Partner for a Smooth Relocation to Morocco - \u00c0 PROPOS DE NOUS<\/title>\n<meta name=\"robots\" content=\"index, follow, max-snippet:-1, max-image-preview:large, max-video-preview:-1\" \/>\n<link rel=\"canonical\" href=\"https:\/\/doffice-consultancy.com\/fr\/a-propos-de-nous\/\" \/>\n<meta property=\"og:locale\" content=\"fr_FR\" \/>\n<meta property=\"og:type\" content=\"article\" \/>\n<meta property=\"og:title\" content=\"Your Partner for a Smooth Relocation to Morocco - \u00c0 PROPOS DE NOUS\" \/>\n<meta property=\"og:description\" content=\"\u00c0 PROPOS DE NOUSFondatricesL&#039;histoire personnel de nos fondatrices est un t\u00e9moignage qui refl\u00e8te le pouvoir transformateur de l\u2019expatriation. Chez D-Office, nous comprenons l\u2019expatriation carnous l&#039;avons v\u00e9cue. Avec plus de 20 ans d&#039;exp\u00e9rience personnelle \u00e0 d\u00e9m\u00e9nager entre diff\u00e9rents pays et continents - Chine, Inde, Kenya, Burundi, Suriname, Mexique,Pologne, Italie, Roumanie, France, Allemagne - nos fondatrices connaissent de premi\u00e8re main les d\u00e9fis et les opportunit\u00e9s qui accompagnent le fait d&#039;\u00eatre constamment en mouvement. C&#039;est pourquoi nous croyons en la puissance de la connexion humaine. Nous sommes sp\u00e9cialis\u00e9s dans la fourniture de services de conseil complets pour la mobilit\u00e9 des talents, en veillant \u00e0 ce que chaque exp\u00e9rience soit guid\u00e9e par l&#039;empathie, la compr\u00e9hension et le soutien.Bas\u00e9s au Maroc, nous c\u00e9l\u00e9brons la diversit\u00e9 et embrassons l&#039;aspect multiculturel de nos talents. Notre \u00e9quipe d\u00e9vou\u00e9e offre une expertise sur le terrain pour rendre votre voyage facile et sans stress en proposant des services de conseil sur mesure adapt\u00e9s \u00e0 votre exp\u00e9rience d&#039;expatriation individuelle \u00e0 Tanger.\" \/>\n<meta property=\"og:url\" content=\"https:\/\/doffice-consultancy.com\/fr\/a-propos-de-nous\/\" \/>\n<meta property=\"og:site_name\" content=\"D-Office Consultancy\" \/>\n<meta property=\"article:modified_time\" content=\"2024-05-27T07:09:29+00:00\" \/>\n<meta property=\"og:image\" content=\"https:\/\/doffice-consultancy.com\/wp-content\/uploads\/2024\/09\/Logo-2.png\" \/>\n\t<meta property=\"og:image:width\" content=\"500\" \/>\n\t<meta property=\"og:image:height\" content=\"500\" \/>\n\t<meta property=\"og:image:type\" content=\"image\/png\" \/>\n<meta name=\"twitter:card\" content=\"summary_large_image\" \/>\n<meta name=\"twitter:label1\" content=\"Dur\u00e9e de lecture estim\u00e9e\" \/>\n\t<meta name=\"twitter:data1\" content=\"3 minutes\" \/>\n<script type=\"application\/ld+json\" class=\"yoast-schema-graph\">{\"@context\":\"https:\/\/schema.org\",\"@graph\":[{\"@type\":\"WebPage\",\"@id\":\"https:\/\/doffice-consultancy.com\/fr\/a-propos-de-nous\/\",\"url\":\"https:\/\/doffice-consultancy.com\/fr\/a-propos-de-nous\/\",\"name\":\"Your Partner for a Smooth Relocation to Morocco - \u00c0 PROPOS DE NOUS\",\"isPartOf\":{\"@id\":\"https:\/\/doffice-consultancy.com\/#website\"},\"primaryImageOfPage\":{\"@id\":\"https:\/\/doffice-consultancy.com\/fr\/a-propos-de-nous\/#primaryimage\"},\"image\":{\"@id\":\"https:\/\/doffice-consultancy.com\/fr\/a-propos-de-nous\/#primaryimage\"},\"thumbnailUrl\":\"https:\/\/doffice-consultancy.com\/wp-content\/uploads\/2024\/09\/Logo-D.png\",\"datePublished\":\"2024-04-30T13:47:48+00:00\",\"dateModified\":\"2024-05-27T07:09:29+00:00\",\"breadcrumb\":{\"@id\":\"https:\/\/doffice-consultancy.com\/fr\/a-propos-de-nous\/#breadcrumb\"},\"inLanguage\":\"fr-FR\",\"potentialAction\":[{\"@type\":\"ReadAction\",\"target\":[\"https:\/\/doffice-consultancy.com\/fr\/a-propos-de-nous\/\"]}]},{\"@type\":\"ImageObject\",\"inLanguage\":\"fr-FR\",\"@id\":\"https:\/\/doffice-consultancy.com\/fr\/a-propos-de-nous\/#primaryimage\",\"url\":\"https:\/\/doffice-consultancy.com\/wp-content\/uploads\/2024\/09\/Logo-D.png\",\"contentUrl\":\"https:\/\/doffice-consultancy.com\/wp-content\/uploads\/2024\/09\/Logo-D.png\",\"width\":500,\"height\":500},{\"@type\":\"BreadcrumbList\",\"@id\":\"https:\/\/doffice-consultancy.com\/fr\/a-propos-de-nous\/#breadcrumb\",\"itemListElement\":[{\"@type\":\"ListItem\",\"position\":1,\"name\":\"Home\",\"item\":\"https:\/\/doffice-consultancy.com\/fr\/home\/\"},{\"@type\":\"ListItem\",\"position\":2,\"name\":\"\u00c0 PROPOS DE NOUS\"}]},{\"@type\":\"WebSite\",\"@id\":\"https:\/\/doffice-consultancy.com\/#website\",\"url\":\"https:\/\/doffice-consultancy.com\/\",\"name\":\"D-Office Consultancy\",\"description\":\"Your Partner for a Smooth Relocation to Morocco\",\"publisher\":{\"@id\":\"https:\/\/doffice-consultancy.com\/#organization\"},\"alternateName\":\"Doffice\",\"potentialAction\":[{\"@type\":\"SearchAction\",\"target\":{\"@type\":\"EntryPoint\",\"urlTemplate\":\"https:\/\/doffice-consultancy.com\/?s={search_term_string}\"},\"query-input\":{\"@type\":\"PropertyValueSpecification\",\"valueRequired\":true,\"valueName\":\"search_term_string\"}}],\"inLanguage\":\"fr-FR\"},{\"@type\":\"Organization\",\"@id\":\"https:\/\/doffice-consultancy.com\/#organization\",\"name\":\"D-Office Consultancy\",\"alternateName\":\"Doffice\",\"url\":\"https:\/\/doffice-consultancy.com\/\",\"logo\":{\"@type\":\"ImageObject\",\"inLanguage\":\"fr-FR\",\"@id\":\"https:\/\/doffice-consultancy.com\/#\/schema\/logo\/image\/\",\"url\":\"https:\/\/doffice-consultancy.com\/wp-content\/uploads\/2024\/09\/Logo-D.png\",\"contentUrl\":\"https:\/\/doffice-consultancy.com\/wp-content\/uploads\/2024\/09\/Logo-D.png\",\"width\":500,\"height\":500,\"caption\":\"D-Office Consultancy\"},\"image\":{\"@id\":\"https:\/\/doffice-consultancy.com\/#\/schema\/logo\/image\/\"}}]}<\/script>\n<!-- \/ Yoast SEO plugin. -->","yoast_head_json":{"title":"Your Partner for a Smooth Relocation to Morocco - \u00c0 PROPOS DE NOUS","robots":{"index":"index","follow":"follow","max-snippet":"max-snippet:-1","max-image-preview":"max-image-preview:large","max-video-preview":"max-video-preview:-1"},"canonical":"https:\/\/doffice-consultancy.com\/fr\/a-propos-de-nous\/","og_locale":"fr_FR","og_type":"article","og_title":"Your Partner for a Smooth Relocation to Morocco - \u00c0 PROPOS DE NOUS","og_description":"\u00c0 PROPOS DE NOUSFondatricesL'histoire personnel de nos fondatrices est un t\u00e9moignage qui refl\u00e8te le pouvoir transformateur de l\u2019expatriation. Chez D-Office, nous comprenons l\u2019expatriation carnous l'avons v\u00e9cue. Avec plus de 20 ans d'exp\u00e9rience personnelle \u00e0 d\u00e9m\u00e9nager entre diff\u00e9rents pays et continents - Chine, Inde, Kenya, Burundi, Suriname, Mexique,Pologne, Italie, Roumanie, France, Allemagne - nos fondatrices connaissent de premi\u00e8re main les d\u00e9fis et les opportunit\u00e9s qui accompagnent le fait d'\u00eatre constamment en mouvement. C'est pourquoi nous croyons en la puissance de la connexion humaine. Nous sommes sp\u00e9cialis\u00e9s dans la fourniture de services de conseil complets pour la mobilit\u00e9 des talents, en veillant \u00e0 ce que chaque exp\u00e9rience soit guid\u00e9e par l'empathie, la compr\u00e9hension et le soutien.Bas\u00e9s au Maroc, nous c\u00e9l\u00e9brons la diversit\u00e9 et embrassons l'aspect multiculturel de nos talents. Notre \u00e9quipe d\u00e9vou\u00e9e offre une expertise sur le terrain pour rendre votre voyage facile et sans stress en proposant des services de conseil sur mesure adapt\u00e9s \u00e0 votre exp\u00e9rience d'expatriation individuelle \u00e0 Tanger.","og_url":"https:\/\/doffice-consultancy.com\/fr\/a-propos-de-nous\/","og_site_name":"D-Office Consultancy","article_modified_time":"2024-05-27T07:09:29+00:00","og_image":[{"width":500,"height":500,"url":"https:\/\/doffice-consultancy.com\/wp-content\/uploads\/2024\/09\/Logo-2.png","type":"image\/png"}],"twitter_card":"summary_large_image","twitter_misc":{"Dur\u00e9e de lecture estim\u00e9e":"3 minutes"},"schema":{"@context":"https:\/\/schema.org","@graph":[{"@type":"WebPage","@id":"https:\/\/doffice-consultancy.com\/fr\/a-propos-de-nous\/","url":"https:\/\/doffice-consultancy.com\/fr\/a-propos-de-nous\/","name":"Your Partner for a Smooth Relocation to Morocco - \u00c0 PROPOS DE NOUS","isPartOf":{"@id":"https:\/\/doffice-consultancy.com\/#website"},"primaryImageOfPage":{"@id":"https:\/\/doffice-consultancy.com\/fr\/a-propos-de-nous\/#primaryimage"},"image":{"@id":"https:\/\/doffice-consultancy.com\/fr\/a-propos-de-nous\/#primaryimage"},"thumbnailUrl":"https:\/\/doffice-consultancy.com\/wp-content\/uploads\/2024\/09\/Logo-D.png","datePublished":"2024-04-30T13:47:48+00:00","dateModified":"2024-05-27T07:09:29+00:00","breadcrumb":{"@id":"https:\/\/doffice-consultancy.com\/fr\/a-propos-de-nous\/#breadcrumb"},"inLanguage":"fr-FR","potentialAction":[{"@type":"ReadAction","target":["https:\/\/doffice-consultancy.com\/fr\/a-propos-de-nous\/"]}]},{"@type":"ImageObject","inLanguage":"fr-FR","@id":"https:\/\/doffice-consultancy.com\/fr\/a-propos-de-nous\/#primaryimage","url":"https:\/\/doffice-consultancy.com\/wp-content\/uploads\/2024\/09\/Logo-D.png","contentUrl":"https:\/\/doffice-consultancy.com\/wp-content\/uploads\/2024\/09\/Logo-D.png","width":500,"height":500},{"@type":"BreadcrumbList","@id":"https:\/\/doffice-consultancy.com\/fr\/a-propos-de-nous\/#breadcrumb","itemListElement":[{"@type":"ListItem","position":1,"name":"Home","item":"https:\/\/doffice-consultancy.com\/fr\/home\/"},{"@type":"ListItem","position":2,"name":"\u00c0 PROPOS DE NOUS"}]},{"@type":"WebSite","@id":"https:\/\/doffice-consultancy.com\/#website","url":"https:\/\/doffice-consultancy.com\/","name":"D-Office Consultancy","description":"Your Partner for a Smooth Relocation to Morocco","publisher":{"@id":"https:\/\/doffice-consultancy.com\/#organization"},"alternateName":"Doffice","potentialAction":[{"@type":"SearchAction","target":{"@type":"EntryPoint","urlTemplate":"https:\/\/doffice-consultancy.com\/?s={search_term_string}"},"query-input":{"@type":"PropertyValueSpecification","valueRequired":true,"valueName":"search_term_string"}}],"inLanguage":"fr-FR"},{"@type":"Organization","@id":"https:\/\/doffice-consultancy.com\/#organization","name":"D-Office Consultancy","alternateName":"Doffice","url":"https:\/\/doffice-consultancy.com\/","logo":{"@type":"ImageObject","inLanguage":"fr-FR","@id":"https:\/\/doffice-consultancy.com\/#\/schema\/logo\/image\/","url":"https:\/\/doffice-consultancy.com\/wp-content\/uploads\/2024\/09\/Logo-D.png","contentUrl":"https:\/\/doffice-consultancy.com\/wp-content\/uploads\/2024\/09\/Logo-D.png","width":500,"height":500,"caption":"D-Office Consultancy"},"image":{"@id":"https:\/\/doffice-consultancy.com\/#\/schema\/logo\/image\/"}}]}},"_links":{"self":[{"href":"https:\/\/doffice-consultancy.com\/fr\/wp-json\/wp\/v2\/pages\/270804","targetHints":{"allow":["GET"]}}],"collection":[{"href":"https:\/\/doffice-consultancy.com\/fr\/wp-json\/wp\/v2\/pages"}],"about":[{"href":"https:\/\/doffice-consultancy.com\/fr\/wp-json\/wp\/v2\/types\/page"}],"author":[{"embeddable":true,"href":"https:\/\/doffice-consultancy.com\/fr\/wp-json\/wp\/v2\/users\/2"}],"replies":[{"embeddable":true,"href":"https:\/\/doffice-consultancy.com\/fr\/wp-json\/wp\/v2\/comments?post=270804"}],"version-history":[{"count":5,"href":"https:\/\/doffice-consultancy.com\/fr\/wp-json\/wp\/v2\/pages\/270804\/revisions"}],"predecessor-version":[{"id":270821,"href":"https:\/\/doffice-consultancy.com\/fr\/wp-json\/wp\/v2\/pages\/270804\/revisions\/270821"}],"wp:featuredmedia":[{"embeddable":true,"href":"https:\/\/doffice-consultancy.com\/fr\/wp-json\/wp\/v2\/media\/270896"}],"wp:attachment":[{"href":"https:\/\/doffice-consultancy.com\/fr\/wp-json\/wp\/v2\/media?parent=270804"}],"curies":[{"name":"wp","href":"https:\/\/api.w.org\/{rel}","templated":true}]}}