{"id":270796,"date":"2024-04-30T13:47:08","date_gmt":"2024-04-30T13:47:08","guid":{"rendered":"https:\/\/doffice-consultancy.com\/?page_id=270796"},"modified":"2024-05-26T19:11:30","modified_gmt":"2024-05-26T19:11:30","slug":"comment-nous-travaillons","status":"publish","type":"page","link":"https:\/\/doffice-consultancy.com\/fr\/comment-nous-travaillons\/","title":{"rendered":"Comment Nous Travaillons"},"content":{"rendered":"<p>[et_pb_section fb_built=\u00a0\u00bb1&Prime; _builder_version=\u00a0\u00bb4.25.0&Prime; _module_preset=\u00a0\u00bbdefault\u00a0\u00bb use_background_color_gradient=\u00a0\u00bbon\u00a0\u00bb background_color_gradient_stops=\u00a0\u00bbrgba(0,0,0,0.76) 0%|rgba(0,0,0,0) 100%\u00a0\u00bb background_color_gradient_overlays_image=\u00a0\u00bbon\u00a0\u00bb background_image=\u00a0\u00bbhttps:\/\/doffice-consultancy.com\/wp-content\/uploads\/2024\/05\/060663225063-web-tete-e1715075998833.jpg\u00a0\u00bb custom_padding=\u00a0\u00bb165px||165px||true|false\u00a0\u00bb locked=\u00a0\u00bboff\u00a0\u00bb global_colors_info=\u00a0\u00bb{}\u00a0\u00bb][et_pb_row _builder_version=\u00a0\u00bb4.25.0&Prime; _module_preset=\u00a0\u00bbdefault\u00a0\u00bb global_colors_info=\u00a0\u00bb{}\u00a0\u00bb][et_pb_column type=\u00a0\u00bb4_4&Prime; _builder_version=\u00a0\u00bb4.25.0&Prime; _module_preset=\u00a0\u00bbdefault\u00a0\u00bb global_colors_info=\u00a0\u00bb{}\u00a0\u00bb][et_pb_text _builder_version=\u00a0\u00bb4.25.0&Prime; _module_preset=\u00a0\u00bbdefault\u00a0\u00bb header_font=\u00a0\u00bbABeeZee|700|||||||\u00a0\u00bb header_text_color=\u00a0\u00bb#FFFFFF\u00a0\u00bb header_font_size=\u00a0\u00bb61px\u00a0\u00bb hover_enabled=\u00a0\u00bb0&Prime; global_colors_info=\u00a0\u00bb{}\u00a0\u00bb sticky_enabled=\u00a0\u00bb0&Prime;]<\/p>\n<h1 style=\"text-align: center;\">COMMENT NOUS TRAVAILLONS<\/h1>\n<p>[\/et_pb_text][\/et_pb_column][\/et_pb_row][\/et_pb_section][et_pb_section fb_built=\u00a0\u00bb1&Prime; _builder_version=\u00a0\u00bb4.25.0&Prime; _module_preset=\u00a0\u00bbdefault\u00a0\u00bb global_colors_info=\u00a0\u00bb{}\u00a0\u00bb][et_pb_row column_structure=\u00a0\u00bb1_4,1_4,1_4,1_4&Prime; _builder_version=\u00a0\u00bb4.25.0&Prime; _module_preset=\u00a0\u00bbdefault\u00a0\u00bb locked=\u00a0\u00bboff\u00a0\u00bb global_colors_info=\u00a0\u00bb{}\u00a0\u00bb][et_pb_column type=\u00a0\u00bb1_4&Prime; _builder_version=\u00a0\u00bb4.25.0&Prime; _module_preset=\u00a0\u00bbdefault\u00a0\u00bb global_colors_info=\u00a0\u00bb{}\u00a0\u00bb][dsm_card title=\u00a0\u00bbConsultation\u00a0\u00bb image=\u00a0\u00bbhttps:\/\/doffice-consultancy.com\/wp-content\/uploads\/2024\/05\/Consultation.jpg\u00a0\u00bb badge_position=\u00a0\u00bbtop_left\u00a0\u00bb badge_background_color=\u00a0\u00bb#3f4a5c\u00a0\u00bb button_url_new_window=\u00a0\u00bb1&Prime; _builder_version=\u00a0\u00bb4.25.0&Prime; _module_preset=\u00a0\u00bbdefault\u00a0\u00bb badge_font=\u00a0\u00bb|700|||||||\u00a0\u00bb badge_text_color=\u00a0\u00bb#FFFFFF\u00a0\u00bb header_font=\u00a0\u00bbABeeZee|700|||||||\u00a0\u00bb header_text_align=\u00a0\u00bbcenter\u00a0\u00bb header_text_color=\u00a0\u00bb#e2363d\u00a0\u00bb hover_enabled=\u00a0\u00bb0&Prime; border_radii=\u00a0\u00bboff|||20px|\u00a0\u00bb box_shadow_style=\u00a0\u00bbpreset1&Prime; global_colors_info=\u00a0\u00bb{}\u00a0\u00bb sticky_enabled=\u00a0\u00bb0&Prime;]<\/p>\n<p>Nous commen\u00e7ons par comprendre vos besoins et vos objectifs, et adaptons nos services pour r\u00e9pondre \u00e0 vos besoins uniques.<\/p>\n<p>[\/dsm_card][\/et_pb_column][et_pb_column type=\u00a0\u00bb1_4&Prime; _builder_version=\u00a0\u00bb4.25.0&Prime; _module_preset=\u00a0\u00bbdefault\u00a0\u00bb global_colors_info=\u00a0\u00bb{}\u00a0\u00bb][dsm_card title=\u00a0\u00bbEx\u00e9cution\u00a0\u00bb image=\u00a0\u00bbhttps:\/\/doffice-consultancy.com\/wp-content\/uploads\/2024\/05\/Execution.jpg\u00a0\u00bb badge_position=\u00a0\u00bbtop_left\u00a0\u00bb badge_background_color=\u00a0\u00bb#3f4a5c\u00a0\u00bb button_url_new_window=\u00a0\u00bb1&Prime; _builder_version=\u00a0\u00bb4.25.0&Prime; _module_preset=\u00a0\u00bbdefault\u00a0\u00bb badge_font=\u00a0\u00bb|700|||||||\u00a0\u00bb badge_text_color=\u00a0\u00bb#FFFFFF\u00a0\u00bb header_font=\u00a0\u00bbABeeZee|700|||||||\u00a0\u00bb header_text_align=\u00a0\u00bbcenter\u00a0\u00bb header_text_color=\u00a0\u00bb#e2363d\u00a0\u00bb hover_enabled=\u00a0\u00bb0&Prime; border_radii=\u00a0\u00bboff|||20px|\u00a0\u00bb box_shadow_style=\u00a0\u00bbpreset1&Prime; global_colors_info=\u00a0\u00bb{}\u00a0\u00bb sticky_enabled=\u00a0\u00bb0&Prime;]<\/p>\n<p>Notre \u00e9quipe est d\u00e9di\u00e9e \u00e0 \u00e9tablir un cahier des charges avec pr\u00e9cision et soin, en veillant \u00e0 ce que chaque d\u00e9tail soit pris en compte.<\/p>\n<p>[\/dsm_card][\/et_pb_column][et_pb_column type=\u00a0\u00bb1_4&Prime; _builder_version=\u00a0\u00bb4.25.0&Prime; _module_preset=\u00a0\u00bbdefault\u00a0\u00bb global_colors_info=\u00a0\u00bb{}\u00a0\u00bb][dsm_card title=\u00a0\u00bbPlan personnalis\u00e9\u00a0\u00bb image=\u00a0\u00bbhttps:\/\/doffice-consultancy.com\/wp-content\/uploads\/2024\/05\/planification_766.jpg\u00a0\u00bb badge_position=\u00a0\u00bbtop_left\u00a0\u00bb badge_background_color=\u00a0\u00bb#3f4a5c\u00a0\u00bb button_url_new_window=\u00a0\u00bb1&Prime; _builder_version=\u00a0\u00bb4.25.0&Prime; _module_preset=\u00a0\u00bbdefault\u00a0\u00bb badge_font=\u00a0\u00bb|700|||||||\u00a0\u00bb badge_text_color=\u00a0\u00bb#FFFFFF\u00a0\u00bb header_font=\u00a0\u00bbABeeZee|700|||||||\u00a0\u00bb header_text_align=\u00a0\u00bbcenter\u00a0\u00bb header_text_color=\u00a0\u00bb#e2363d\u00a0\u00bb hover_enabled=\u00a0\u00bb0&Prime; border_radii=\u00a0\u00bboff|||20px|\u00a0\u00bb box_shadow_style=\u00a0\u00bbpreset1&Prime; global_colors_info=\u00a0\u00bb{}\u00a0\u00bb sticky_enabled=\u00a0\u00bb0&Prime;]<\/p>\n<p>Nos plans sont con\u00e7us en tenant compte de la sensibilit\u00e9 culturelle, refl\u00e9tant les origines diverses et les aspirations de nos talents. Nous travaillons en \u00e9troite collaboration avec vous pour \u00e9laborer un plan personnalis\u00e9.<\/p>\n<p>[\/dsm_card][\/et_pb_column][et_pb_column type=\u00a0\u00bb1_4&Prime; _builder_version=\u00a0\u00bb4.25.0&Prime; _module_preset=\u00a0\u00bbdefault\u00a0\u00bb global_colors_info=\u00a0\u00bb{}\u00a0\u00bb][dsm_card title=\u00a0\u00bbSoutien et suivi\u00a0\u00bb image=\u00a0\u00bbhttps:\/\/doffice-consultancy.com\/wp-content\/uploads\/2024\/05\/Support-and-Follow-Up.jpg\u00a0\u00bb badge_position=\u00a0\u00bbtop_left\u00a0\u00bb badge_background_color=\u00a0\u00bb#3f4a5c\u00a0\u00bb button_url_new_window=\u00a0\u00bb1&Prime; _builder_version=\u00a0\u00bb4.25.0&Prime; _module_preset=\u00a0\u00bbdefault\u00a0\u00bb badge_font=\u00a0\u00bb|700|||||||\u00a0\u00bb badge_text_color=\u00a0\u00bb#FFFFFF\u00a0\u00bb header_font=\u00a0\u00bbABeeZee|700|||||||\u00a0\u00bb header_text_align=\u00a0\u00bbcenter\u00a0\u00bb header_text_color=\u00a0\u00bb#e2363d\u00a0\u00bb hover_enabled=\u00a0\u00bb0&Prime; border_radii=\u00a0\u00bboff|||20px|\u00a0\u00bb box_shadow_style=\u00a0\u00bbpreset1&Prime; global_colors_info=\u00a0\u00bb{}\u00a0\u00bb sticky_enabled=\u00a0\u00bb0&Prime;]<\/p>\n<p>Notre soutien ne se termine pas avec l\u2019installation. Nous continuons \u00e0 fournir une assistance continue et un suivi, aidant nos talents \u00e0 naviguer et \u00e0 s&rsquo;\u00e9panouir dans leurs nouveaux environnements culturels<\/p>\n<p>[\/dsm_card][\/et_pb_column][\/et_pb_row][\/et_pb_section]<\/p>\n","protected":false},"excerpt":{"rendered":"<p>COMMENT NOUS TRAVAILLONS<div class=\"et_pb_module dsm_card dsm_card_0 et_pb_bg_layout_light  dsm_card_layout_stacked\">\n\t\t\t\t\n\t\t\t\t\n\t\t\t\t\n\t\t\t\t\n\t\t\t\t\n\t\t\t\t\n\t\t\t\t<div class=\"et_pb_module_inner\">\n\t\t\t\t\t\n\t\t\t\n\t\t\t<figure class=\"dsm_card_image_wrapper dsm_card_badge_top_left\"><div class=\"dsm_card_image_background dsm_card_img\"><\/div><\/figure>\n\t\t\t<div class=\"et_pb_module dsm_card_wrapper et_pb_text_align_left\">\n\t\t\t\t\t\n\t\t\t\t\t<h4 class=\"dsm_card_title et_pb_module_header\">Consultation<\/h4>\n\t\t\t\t\t\n\t\t\t\t\t<div class=\"dsm_card_description\">Nous commen\u00e7ons par comprendre vos besoins et vos objectifs, et adaptons nos services pour r\u00e9pondre \u00e0 vos besoins uniques.<\/div>\n\t\t\t\t\t\n\t\t\t\t<\/div>\n\t\t\t\n\t\t\t\t<\/div>\n\t\t\t<\/div><div class=\"et_pb_module dsm_card dsm_card_1 et_pb_bg_layout_light  dsm_card_layout_stacked\">\n\t\t\t\t\n\t\t\t\t\n\t\t\t\t\n\t\t\t\t\n\t\t\t\t\n\t\t\t\t\n\t\t\t\t<div class=\"et_pb_module_inner\">\n\t\t\t\t\t\n\t\t\t\n\t\t\t<figure class=\"dsm_card_image_wrapper dsm_card_badge_top_left\"><div class=\"dsm_card_image_background dsm_card_img\"><\/div><\/figure>\n\t\t\t<div class=\"et_pb_module dsm_card_wrapper et_pb_text_align_left\">\n\t\t\t\t\t\n\t\t\t\t\t<h4 class=\"dsm_card_title et_pb_module_header\">Ex\u00e9cution<\/h4>\n\t\t\t\t\t\n\t\t\t\t\t<div class=\"dsm_card_description\">Notre \u00e9quipe est d\u00e9di\u00e9e \u00e0 \u00e9tablir un cahier des charges avec pr\u00e9cision et soin, en veillant \u00e0 ce que chaque d\u00e9tail soit pris en compte.<\/div>\n\t\t\t\t\t\n\t\t\t\t<\/div>\n\t\t\t\n\t\t\t\t<\/div>\n\t\t\t<\/div><div class=\"et_pb_module dsm_card dsm_card_2 et_pb_bg_layout_light  dsm_card_layout_stacked\">\n\t\t\t\t\n\t\t\t\t\n\t\t\t\t\n\t\t\t\t\n\t\t\t\t\n\t\t\t\t\n\t\t\t\t<div class=\"et_pb_module_inner\">\n\t\t\t\t\t\n\t\t\t\n\t\t\t<figure class=\"dsm_card_image_wrapper dsm_card_badge_top_left\"><div class=\"dsm_card_image_background dsm_card_img\"><\/div><\/figure>\n\t\t\t<div class=\"et_pb_module dsm_card_wrapper et_pb_text_align_left\">\n\t\t\t\t\t\n\t\t\t\t\t<h4 class=\"dsm_card_title et_pb_module_header\">Plan personnalis\u00e9<\/h4>\n\t\t\t\t\t\n\t\t\t\t\t<div class=\"dsm_card_description\">Nos plans sont con\u00e7us en tenant compte de la sensibilit\u00e9 culturelle, refl\u00e9tant les origines diverses et les aspirations de nos talents. Nous travaillons en \u00e9troite collaboration avec vous pour \u00e9laborer un plan personnalis\u00e9.<\/div>\n\t\t\t\t\t\n\t\t\t\t<\/div>\n\t\t\t\n\t\t\t\t<\/div>\n\t\t\t<\/div><div class=\"et_pb_module dsm_card dsm_card_3 et_pb_bg_layout_light  dsm_card_layout_stacked\">\n\t\t\t\t\n\t\t\t\t\n\t\t\t\t\n\t\t\t\t\n\t\t\t\t\n\t\t\t\t\n\t\t\t\t<div class=\"et_pb_module_inner\">\n\t\t\t\t\t\n\t\t\t\n\t\t\t<figure class=\"dsm_card_image_wrapper dsm_card_badge_top_left\"><div class=\"dsm_card_image_background dsm_card_img\"><\/div><\/figure>\n\t\t\t<div class=\"et_pb_module dsm_card_wrapper et_pb_text_align_left\">\n\t\t\t\t\t\n\t\t\t\t\t<h4 class=\"dsm_card_title et_pb_module_header\">Soutien et suivi<\/h4>\n\t\t\t\t\t\n\t\t\t\t\t<div class=\"dsm_card_description\">Notre soutien ne se termine pas avec l\u2019installation. Nous continuons \u00e0 fournir une assistance continue et un suivi, aidant nos talents \u00e0 naviguer et \u00e0 s&rsquo;\u00e9panouir dans leurs nouveaux environnements culturels<\/div>\n\t\t\t\t\t\n\t\t\t\t<\/div>\n\t\t\t\n\t\t\t\t<\/div>\n\t\t\t<\/div><\/p>\n","protected":false},"author":2,"featured_media":0,"parent":0,"menu_order":0,"comment_status":"closed","ping_status":"closed","template":"","meta":{"_et_pb_use_builder":"on","_et_pb_old_content":"<p>[et_pb_section fb_built=\"1\" _builder_version=\"4.25.0\" _module_preset=\"default\" use_background_color_gradient=\"on\" background_color_gradient_stops=\"rgba(0,0,0,0.76) 0%|rgba(0,0,0,0) 100%\" background_color_gradient_overlays_image=\"on\" background_image=\"https:\/\/doffice-consultancy.com\/wp-content\/uploads\/2024\/05\/060663225063-web-tete-e1715075998833.jpg\" custom_padding=\"165px||165px||true|false\" locked=\"off\" global_colors_info=\"{}\"][et_pb_row _builder_version=\"4.25.0\" _module_preset=\"default\" global_colors_info=\"{}\"][et_pb_column type=\"4_4\" _builder_version=\"4.25.0\" _module_preset=\"default\" global_colors_info=\"{}\"][et_pb_text _builder_version=\"4.25.0\" _module_preset=\"default\" header_font=\"ABeeZee|700|||||||\" header_text_color=\"#FFFFFF\" header_font_size=\"61px\" global_colors_info=\"{}\"]<\/p><h1 style=\"text-align: center;\">How we work<\/h1><p>[\/et_pb_text][\/et_pb_column][\/et_pb_row][\/et_pb_section][et_pb_section fb_built=\"1\" theme_builder_area=\"post_content\" _builder_version=\"4.25.0\" _module_preset=\"default\"][et_pb_row column_structure=\"1_4,1_4,1_4,1_4\" _builder_version=\"4.25.0\" _module_preset=\"default\" global_colors_info=\"{}\" locked=\"off\" theme_builder_area=\"post_content\"][et_pb_column type=\"1_4\" _builder_version=\"4.25.0\" _module_preset=\"default\" global_colors_info=\"{}\" theme_builder_area=\"post_content\"][dsm_card title=\"Consultation\" image=\"https:\/\/doffice-consultancy.com\/wp-content\/uploads\/2024\/05\/Consultation.jpg\" badge_position=\"top_left\" badge_background_color=\"#3f4a5c\" button_url_new_window=\"1\" _builder_version=\"4.25.0\" _module_preset=\"default\" badge_font=\"|700|||||||\" badge_text_color=\"#FFFFFF\" header_font=\"ABeeZee|700|||||||\" header_text_align=\"center\" header_text_color=\"#e2363d\" hover_enabled=\"0\" border_radii=\"off|||20px|\" box_shadow_style=\"preset1\" global_colors_info=\"{}\" theme_builder_area=\"post_content\" sticky_enabled=\"0\" title_text=\"Consultation\"]<\/p><p>We start by understanding your needs and goals, and tailoring our services to meet your unique needs.<\/p><p>[\/dsm_card][\/et_pb_column][et_pb_column type=\"1_4\" _builder_version=\"4.25.0\" _module_preset=\"default\" global_colors_info=\"{}\" theme_builder_area=\"post_content\"][dsm_card title=\"Execution\" image=\"https:\/\/doffice-consultancy.com\/wp-content\/uploads\/2024\/05\/Execution.jpg\" badge_position=\"top_left\" badge_background_color=\"#3f4a5c\" button_url_new_window=\"1\" _builder_version=\"4.25.0\" _module_preset=\"default\" badge_font=\"|700|||||||\" badge_text_color=\"#FFFFFF\" header_font=\"ABeeZee|700|||||||\" header_text_align=\"center\" header_text_color=\"#e2363d\" hover_enabled=\"0\" border_radii=\"off|||20px|\" box_shadow_style=\"preset1\" global_colors_info=\"{}\" theme_builder_area=\"post_content\" title_text=\"Execution\" sticky_enabled=\"0\"]<\/p><p>Our team is dedicated to executing your plan with precision and care, ensuring that every detail is taken care of.<\/p><p>[\/dsm_card][\/et_pb_column][et_pb_column type=\"1_4\" _builder_version=\"4.25.0\" _module_preset=\"default\" global_colors_info=\"{}\" theme_builder_area=\"post_content\"][dsm_card title=\"Customized Plan\" image=\"https:\/\/doffice-consultancy.com\/wp-content\/uploads\/2024\/05\/planification_766.jpg\" badge_position=\"top_left\" badge_background_color=\"#3f4a5c\" button_url_new_window=\"1\" _builder_version=\"4.25.0\" _module_preset=\"default\" badge_font=\"|700|||||||\" badge_text_color=\"#FFFFFF\" header_font=\"ABeeZee|700|||||||\" header_text_align=\"center\" header_text_color=\"#e2363d\" hover_enabled=\"0\" border_radii=\"off|||20px|\" box_shadow_style=\"preset1\" global_colors_info=\"{}\" theme_builder_area=\"post_content\" sticky_enabled=\"0\" title_text=\"planification_766\"]<\/p><p>Our plans are designed with cultural sensitivity in mind, reflecting the diverse background and aspirations of our talents. We work closely with you to develop a customized plan.<\/p><p>[\/dsm_card][\/et_pb_column][et_pb_column type=\"1_4\" _builder_version=\"4.25.0\" _module_preset=\"default\" global_colors_info=\"{}\" theme_builder_area=\"post_content\"][dsm_card title=\"Support and Follow-Up\" image=\"https:\/\/doffice-consultancy.com\/wp-content\/uploads\/2024\/05\/Support-and-Follow-Up.jpg\" badge_position=\"top_left\" badge_background_color=\"#3f4a5c\" button_url_new_window=\"1\" _builder_version=\"4.25.0\" _module_preset=\"default\" badge_font=\"|700|||||||\" badge_text_color=\"#FFFFFF\" header_font=\"ABeeZee|700|||||||\" header_text_align=\"center\" header_text_color=\"#e2363d\" hover_enabled=\"0\" border_radii=\"off|||20px|\" box_shadow_style=\"preset1\" global_colors_info=\"{}\" theme_builder_area=\"post_content\" title_text=\"Support and Follow-Up\" sticky_enabled=\"0\"]<\/p><p>Our support doesn\u2019t end with the relocation. We continue to provide ongoing assistance and follow-up, helping our talents navigate and thrive in their new cultural environments.<\/p><p>[\/dsm_card][\/et_pb_column][\/et_pb_row][\/et_pb_section]<\/p>","_et_gb_content_width":"","footnotes":""},"class_list":["post-270796","page","type-page","status-publish","hentry"],"yoast_head":"<!-- This site is optimized with the Yoast SEO plugin v23.4 - https:\/\/yoast.com\/wordpress\/plugins\/seo\/ -->\n<title>Your Partner for a Smooth Relocation to Morocco - Comment Nous Travaillons<\/title>\n<meta name=\"robots\" content=\"index, follow, max-snippet:-1, max-image-preview:large, max-video-preview:-1\" \/>\n<link rel=\"canonical\" href=\"https:\/\/doffice-consultancy.com\/fr\/comment-nous-travaillons\/\" \/>\n<meta property=\"og:locale\" content=\"fr_FR\" \/>\n<meta property=\"og:type\" content=\"article\" \/>\n<meta property=\"og:title\" content=\"Your Partner for a Smooth Relocation to Morocco - Comment Nous Travaillons\" \/>\n<meta property=\"og:description\" content=\"COMMENT NOUS TRAVAILLONS\" \/>\n<meta property=\"og:url\" content=\"https:\/\/doffice-consultancy.com\/fr\/comment-nous-travaillons\/\" \/>\n<meta property=\"og:site_name\" content=\"D-Office Consultancy\" \/>\n<meta property=\"article:modified_time\" content=\"2024-05-26T19:11:30+00:00\" \/>\n<meta property=\"og:image\" content=\"https:\/\/doffice-consultancy.com\/wp-content\/uploads\/2024\/09\/Logo-2.png\" \/>\n\t<meta property=\"og:image:width\" content=\"500\" \/>\n\t<meta property=\"og:image:height\" content=\"500\" \/>\n\t<meta property=\"og:image:type\" content=\"image\/png\" \/>\n<meta name=\"twitter:card\" content=\"summary_large_image\" \/>\n<meta name=\"twitter:label1\" content=\"Dur\u00e9e de lecture estim\u00e9e\" \/>\n\t<meta name=\"twitter:data1\" content=\"3 minutes\" \/>\n<script type=\"application\/ld+json\" class=\"yoast-schema-graph\">{\"@context\":\"https:\/\/schema.org\",\"@graph\":[{\"@type\":\"WebPage\",\"@id\":\"https:\/\/doffice-consultancy.com\/fr\/comment-nous-travaillons\/\",\"url\":\"https:\/\/doffice-consultancy.com\/fr\/comment-nous-travaillons\/\",\"name\":\"Your Partner for a Smooth Relocation to Morocco - Comment Nous Travaillons\",\"isPartOf\":{\"@id\":\"https:\/\/doffice-consultancy.com\/#website\"},\"datePublished\":\"2024-04-30T13:47:08+00:00\",\"dateModified\":\"2024-05-26T19:11:30+00:00\",\"breadcrumb\":{\"@id\":\"https:\/\/doffice-consultancy.com\/fr\/comment-nous-travaillons\/#breadcrumb\"},\"inLanguage\":\"fr-FR\",\"potentialAction\":[{\"@type\":\"ReadAction\",\"target\":[\"https:\/\/doffice-consultancy.com\/fr\/comment-nous-travaillons\/\"]}]},{\"@type\":\"BreadcrumbList\",\"@id\":\"https:\/\/doffice-consultancy.com\/fr\/comment-nous-travaillons\/#breadcrumb\",\"itemListElement\":[{\"@type\":\"ListItem\",\"position\":1,\"name\":\"Home\",\"item\":\"https:\/\/doffice-consultancy.com\/fr\/home\/\"},{\"@type\":\"ListItem\",\"position\":2,\"name\":\"Comment Nous Travaillons\"}]},{\"@type\":\"WebSite\",\"@id\":\"https:\/\/doffice-consultancy.com\/#website\",\"url\":\"https:\/\/doffice-consultancy.com\/\",\"name\":\"D-Office Consultancy\",\"description\":\"Your Partner for a Smooth Relocation to Morocco\",\"publisher\":{\"@id\":\"https:\/\/doffice-consultancy.com\/#organization\"},\"alternateName\":\"Doffice\",\"potentialAction\":[{\"@type\":\"SearchAction\",\"target\":{\"@type\":\"EntryPoint\",\"urlTemplate\":\"https:\/\/doffice-consultancy.com\/?s={search_term_string}\"},\"query-input\":{\"@type\":\"PropertyValueSpecification\",\"valueRequired\":true,\"valueName\":\"search_term_string\"}}],\"inLanguage\":\"fr-FR\"},{\"@type\":\"Organization\",\"@id\":\"https:\/\/doffice-consultancy.com\/#organization\",\"name\":\"D-Office Consultancy\",\"alternateName\":\"Doffice\",\"url\":\"https:\/\/doffice-consultancy.com\/\",\"logo\":{\"@type\":\"ImageObject\",\"inLanguage\":\"fr-FR\",\"@id\":\"https:\/\/doffice-consultancy.com\/#\/schema\/logo\/image\/\",\"url\":\"https:\/\/doffice-consultancy.com\/wp-content\/uploads\/2024\/09\/Logo-D.png\",\"contentUrl\":\"https:\/\/doffice-consultancy.com\/wp-content\/uploads\/2024\/09\/Logo-D.png\",\"width\":500,\"height\":500,\"caption\":\"D-Office Consultancy\"},\"image\":{\"@id\":\"https:\/\/doffice-consultancy.com\/#\/schema\/logo\/image\/\"}}]}<\/script>\n<!-- \/ Yoast SEO plugin. -->","yoast_head_json":{"title":"Your Partner for a Smooth Relocation to Morocco - Comment Nous Travaillons","robots":{"index":"index","follow":"follow","max-snippet":"max-snippet:-1","max-image-preview":"max-image-preview:large","max-video-preview":"max-video-preview:-1"},"canonical":"https:\/\/doffice-consultancy.com\/fr\/comment-nous-travaillons\/","og_locale":"fr_FR","og_type":"article","og_title":"Your Partner for a Smooth Relocation to Morocco - Comment Nous Travaillons","og_description":"COMMENT NOUS TRAVAILLONS","og_url":"https:\/\/doffice-consultancy.com\/fr\/comment-nous-travaillons\/","og_site_name":"D-Office Consultancy","article_modified_time":"2024-05-26T19:11:30+00:00","og_image":[{"width":500,"height":500,"url":"https:\/\/doffice-consultancy.com\/wp-content\/uploads\/2024\/09\/Logo-2.png","type":"image\/png"}],"twitter_card":"summary_large_image","twitter_misc":{"Dur\u00e9e de lecture estim\u00e9e":"3 minutes"},"schema":{"@context":"https:\/\/schema.org","@graph":[{"@type":"WebPage","@id":"https:\/\/doffice-consultancy.com\/fr\/comment-nous-travaillons\/","url":"https:\/\/doffice-consultancy.com\/fr\/comment-nous-travaillons\/","name":"Your Partner for a Smooth Relocation to Morocco - Comment Nous Travaillons","isPartOf":{"@id":"https:\/\/doffice-consultancy.com\/#website"},"datePublished":"2024-04-30T13:47:08+00:00","dateModified":"2024-05-26T19:11:30+00:00","breadcrumb":{"@id":"https:\/\/doffice-consultancy.com\/fr\/comment-nous-travaillons\/#breadcrumb"},"inLanguage":"fr-FR","potentialAction":[{"@type":"ReadAction","target":["https:\/\/doffice-consultancy.com\/fr\/comment-nous-travaillons\/"]}]},{"@type":"BreadcrumbList","@id":"https:\/\/doffice-consultancy.com\/fr\/comment-nous-travaillons\/#breadcrumb","itemListElement":[{"@type":"ListItem","position":1,"name":"Home","item":"https:\/\/doffice-consultancy.com\/fr\/home\/"},{"@type":"ListItem","position":2,"name":"Comment Nous Travaillons"}]},{"@type":"WebSite","@id":"https:\/\/doffice-consultancy.com\/#website","url":"https:\/\/doffice-consultancy.com\/","name":"D-Office Consultancy","description":"Your Partner for a Smooth Relocation to Morocco","publisher":{"@id":"https:\/\/doffice-consultancy.com\/#organization"},"alternateName":"Doffice","potentialAction":[{"@type":"SearchAction","target":{"@type":"EntryPoint","urlTemplate":"https:\/\/doffice-consultancy.com\/?s={search_term_string}"},"query-input":{"@type":"PropertyValueSpecification","valueRequired":true,"valueName":"search_term_string"}}],"inLanguage":"fr-FR"},{"@type":"Organization","@id":"https:\/\/doffice-consultancy.com\/#organization","name":"D-Office Consultancy","alternateName":"Doffice","url":"https:\/\/doffice-consultancy.com\/","logo":{"@type":"ImageObject","inLanguage":"fr-FR","@id":"https:\/\/doffice-consultancy.com\/#\/schema\/logo\/image\/","url":"https:\/\/doffice-consultancy.com\/wp-content\/uploads\/2024\/09\/Logo-D.png","contentUrl":"https:\/\/doffice-consultancy.com\/wp-content\/uploads\/2024\/09\/Logo-D.png","width":500,"height":500,"caption":"D-Office Consultancy"},"image":{"@id":"https:\/\/doffice-consultancy.com\/#\/schema\/logo\/image\/"}}]}},"_links":{"self":[{"href":"https:\/\/doffice-consultancy.com\/fr\/wp-json\/wp\/v2\/pages\/270796","targetHints":{"allow":["GET"]}}],"collection":[{"href":"https:\/\/doffice-consultancy.com\/fr\/wp-json\/wp\/v2\/pages"}],"about":[{"href":"https:\/\/doffice-consultancy.com\/fr\/wp-json\/wp\/v2\/types\/page"}],"author":[{"embeddable":true,"href":"https:\/\/doffice-consultancy.com\/fr\/wp-json\/wp\/v2\/users\/2"}],"replies":[{"embeddable":true,"href":"https:\/\/doffice-consultancy.com\/fr\/wp-json\/wp\/v2\/comments?post=270796"}],"version-history":[{"count":4,"href":"https:\/\/doffice-consultancy.com\/fr\/wp-json\/wp\/v2\/pages\/270796\/revisions"}],"predecessor-version":[{"id":270801,"href":"https:\/\/doffice-consultancy.com\/fr\/wp-json\/wp\/v2\/pages\/270796\/revisions\/270801"}],"wp:attachment":[{"href":"https:\/\/doffice-consultancy.com\/fr\/wp-json\/wp\/v2\/media?parent=270796"}],"curies":[{"name":"wp","href":"https:\/\/api.w.org\/{rel}","templated":true}]}}